{"id":410,"date":"2017-11-20T15:05:36","date_gmt":"2017-11-20T09:20:36","guid":{"rendered":"https:\/\/raratheme.com\/preview\/travel-agency-pro\/about-us\/"},"modified":"2025-08-18T13:15:01","modified_gmt":"2025-08-18T10:15:01","slug":"about-us","status":"publish","type":"page","link":"https:\/\/cbtravel.az\/az\/about-us\/","title":{"rendered":"\u015eirk\u0259t haqq\u0131nda"},"content":{"rendered":"<p><b>\u00ab<\/b><b>Caspian<\/b><b>\u00a0<\/b><b>Breeze<\/b><b>\u00a0<\/b><b>Travel<\/b><b>\u00a0&amp;\u00a0MICE\u00a0<\/b><b>Company<\/b><b>\u00bb<\/b> sad\u0259c\u0259 pe\u015f\u0259karlar komandas\u0131 deyil, o, \u00f6z i\u015fini h\u0259v\u0259sl\u0259 sev\u0259n \u015f\u0259n, h\u0259v\u0259sli v\u0259 yarad\u0131c\u0131 insanlar ail\u0259sidir. Bazarda 15 illik t\u0259cr\u00fcb\u0259miz var v\u0259 bu m\u00fcdd\u0259t \u0259rzind\u0259 biz s\u0259yah\u0259t\u0259 olan f\u0259dakarl\u0131\u011f\u0131 v\u0259 h\u0259v\u0259si m\u00fc\u015ft\u0259ril\u0259rimizin etibar\u0131n\u0131 v\u0259 h\u00f6rm\u0259tini qazanma\u011f\u0131m\u0131za k\u00f6m\u0259k ed\u0259n m\u00fct\u0259x\u0259ssisl\u0259rd\u0259n ibar\u0259t komanda toplad\u0131q.<\/p>\n<p>Bu g\u00fcn biz Az\u0259rbaycanda turizm xidm\u0259tl\u0259ri g\u00f6st\u0259r\u0259n apar\u0131c\u0131 v\u0259 dinamik inki\u015faf ed\u0259n \u015firk\u0259tl\u0259rd\u0259n biri olmaqdan q\u00fcrur duyuruq. Qlobal <b>Traveller Made<\/b><b>\u00ae<\/b> icmas\u0131na \u00fczvl\u00fcy\u00fcm\u00fcz keyfiyy\u0259t v\u0259 xidm\u0259t m\u00fck\u0259mm\u0259lliyin\u0259 olan ba\u011fl\u0131l\u0131\u011f\u0131m\u0131z\u0131 vur\u011fulay\u0131r.<\/p>\n<p>Biz \u00e7al\u0131\u015f\u0131r\u0131q ki, h\u0259r bir m\u00fc\u015ft\u0259rimiz t\u0259kc\u0259 t\u0259til deyil, h\u0259m d\u0259 unudulmaz t\u0259cr\u00fcb\u0259 als\u0131n. Bizim f\u0259aliyy\u0259t prinsipimiz etibarl\u0131l\u0131q v\u0259 keyfiyy\u0259t, s\u0259rf\u0259li qiym\u0259tl\u0259r v\u0259 h\u0259r bir m\u00fc\u015ft\u0259rinin ehtiyaclar\u0131na \u00e7evik \u015f\u0259kild\u0259 uy\u011funla\u015fan unikal turlard\u0131r. Biz \u0259b\u0259di olaraq yadda qalan s\u0259f\u0259rl\u0259r yarad\u0131r\u0131q.<\/p>\n","protected":false},"excerpt":{"rendered":"<p>\u00abCaspian\u00a0Breeze\u00a0Travel\u00a0&amp;\u00a0MICE\u00a0Company\u00bb sad\u0259c\u0259 pe\u015f\u0259karlar komandas\u0131 deyil, o, \u00f6z i\u015fini h\u0259v\u0259sl\u0259 sev\u0259n \u015f\u0259n, h\u0259v\u0259sli v\u0259 yarad\u0131c\u0131 insanlar ail\u0259sidir. Bazarda 15 illik t\u0259cr\u00fcb\u0259miz var v\u0259 bu m\u00fcdd\u0259t \u0259rzind\u0259 biz s\u0259yah\u0259t\u0259 olan f\u0259dakarl\u0131\u011f\u0131 v\u0259 h\u0259v\u0259si m\u00fc\u015ft\u0259ril\u0259rimizin etibar\u0131n\u0131 v\u0259 h\u00f6rm\u0259tini qazanma\u011f\u0131m\u0131za k\u00f6m\u0259k ed\u0259n m\u00fct\u0259x\u0259ssisl\u0259rd\u0259n ibar\u0259t komanda toplad\u0131q. Bu g\u00fcn biz &hellip; <\/p>\n","protected":false},"author":1,"featured_media":0,"parent":0,"menu_order":0,"comment_status":"closed","ping_status":"closed","template":"","meta":[],"translation":{"provider":"WPGlobus","version":"2.10.10","language":"az","enabled_languages":["ru","az","en"],"languages":{"ru":{"title":true,"content":true,"excerpt":false},"az":{"title":true,"content":true,"excerpt":false},"en":{"title":true,"content":true,"excerpt":false}}},"_links":{"self":[{"href":"https:\/\/cbtravel.az\/az\/wp-json\/wp\/v2\/pages\/410"}],"collection":[{"href":"https:\/\/cbtravel.az\/az\/wp-json\/wp\/v2\/pages"}],"about":[{"href":"https:\/\/cbtravel.az\/az\/wp-json\/wp\/v2\/types\/page"}],"author":[{"embeddable":true,"href":"https:\/\/cbtravel.az\/az\/wp-json\/wp\/v2\/users\/1"}],"replies":[{"embeddable":true,"href":"https:\/\/cbtravel.az\/az\/wp-json\/wp\/v2\/comments?post=410"}],"version-history":[{"count":23,"href":"https:\/\/cbtravel.az\/az\/wp-json\/wp\/v2\/pages\/410\/revisions"}],"predecessor-version":[{"id":2604,"href":"https:\/\/cbtravel.az\/az\/wp-json\/wp\/v2\/pages\/410\/revisions\/2604"}],"wp:attachment":[{"href":"https:\/\/cbtravel.az\/az\/wp-json\/wp\/v2\/media?parent=410"}],"curies":[{"name":"wp","href":"https:\/\/api.w.org\/{rel}","templated":true}]}}